{"id":10127,"date":"2016-04-27T15:32:49","date_gmt":"2016-04-27T13:32:49","guid":{"rendered":"http:\/\/spiellandschaft.de\/kinder\/?page_id=10127"},"modified":"2016-05-03T23:41:50","modified_gmt":"2016-05-03T21:41:50","slug":"athener-platz","status":"publish","type":"page","link":"https:\/\/alt.spiellandschaft.de\/kinder\/kinderstadtplaene\/harlaching\/spielplaetze-in-harlaching\/athener-platz\/","title":{"rendered":"Athener Platz"},"content":{"rendered":"<p>Auf dem Athener Platz gibt es einen Spielplatz mit einen gro\u00dfen Kletterger\u00fcst, einer wackeligen H\u00e4ngebr\u00fccke, auf der man auch h\u00fcpfen kann, einer Rutsche und einer Kletterwand.<\/p>\n<p>Zudem gibt es einen weiteren Bereich f\u00fcr kleinere Kinder. Dort kannst du in einem kleinen H\u00e4uschen spielen, auf das Dach klettern und dort oben sitzen. Auf einem kleinen Tischchen kannst du im Sand Kuchen backen oder sch\u00f6ne Figuren legen.<\/p>\n<div class=\"post-entry\">\n<p><img fetchpriority=\"high\" decoding=\"async\" class=\"size-medium wp-image-10128 alignleft\" src=\"https:\/\/alt.spiellandschaft.de\/kinder\/wp-content\/uploads\/sites\/2\/2016\/04\/spielplatz-am-athener-platz_kb_ohnegn-13-300x225.jpg\" alt=\"Spielplatz am Athener Platz\" width=\"300\" height=\"225\" srcset=\"https:\/\/alt.spiellandschaft.de\/kinder\/wp-content\/uploads\/sites\/2\/2016\/04\/spielplatz-am-athener-platz_kb_ohnegn-13-300x225.jpg 300w, https:\/\/alt.spiellandschaft.de\/kinder\/wp-content\/uploads\/sites\/2\/2016\/04\/spielplatz-am-athener-platz_kb_ohnegn-13.jpg 600w\" sizes=\"(max-width: 300px) 100vw, 300px\" \/>Au\u00dferdem gibt es noch mehrere Wippen und ein kleines H\u00e4uschen mit Rutsche, in dem ein Tisch und zwei Sitzb\u00e4nke sind. Dort kannst du ungest\u00f6rt Brotzeit machen.<\/p>\n<p>Neben dem Spielplatz gibt es zwei Tischtennisplatten, zwei Schaukeln und mehrere Parkb\u00e4nke, auf denen du dich ausruhen oder deine Eltern sitzen k\u00f6nnen. Merit (5) und Hannes (5) haben als Spielforscher den Spielplatz getestet. Sie finden ihn einfach super!<\/p>\n<p>Til (9), Noah (9), Lio (9) und Leopold (8) spielen gerne auf der gro\u00dfen Wiese am Athener Platz Fu\u00dfball.<\/p>\n<p>Auf der Wiese findest du auch sehr viele Kastanienb\u00e4ume.<br \/>\nLennert (6) und Tassilot (6) kicken gerne mit ihrem Ball die Kastanien von den B\u00e4umen. Die Kastanienb\u00e4ume in der Mitte des Platzes tragen die meisten Kastanien.<\/p>\n<\/div>\n","protected":false},"excerpt":{"rendered":"<p>Auf dem Athener Platz gibt es einen Spielplatz mit einen gro\u00dfen Kletterger\u00fcst, einer wackeligen H\u00e4ngebr\u00fccke, auf der man auch h\u00fcpfen kann, einer Rutsche und einer Kletterwand. Zudem gibt es einen weiteren Bereich f\u00fcr kleinere Kinder. Dort kannst du in einem<span class=\"ellipsis\">&hellip;<\/span><\/p>\n<div class=\"read-more\"><a href=\"https:\/\/alt.spiellandschaft.de\/kinder\/kinderstadtplaene\/harlaching\/spielplaetze-in-harlaching\/athener-platz\/\"><\/a><\/div>\n<p><!-- end of .read-more --><\/p>\n","protected":false},"author":15,"featured_media":10128,"parent":6348,"menu_order":0,"comment_status":"closed","ping_status":"closed","template":"content-sidebar-infobox-inhalt.php","meta":{"_acf_changed":false,"ngg_post_thumbnail":0,"footnotes":""},"class_list":["post-10127","page","type-page","status-publish","has-post-thumbnail","hentry"],"acf":[],"_links":{"self":[{"href":"https:\/\/alt.spiellandschaft.de\/kinder\/wp-json\/wp\/v2\/pages\/10127","targetHints":{"allow":["GET"]}}],"collection":[{"href":"https:\/\/alt.spiellandschaft.de\/kinder\/wp-json\/wp\/v2\/pages"}],"about":[{"href":"https:\/\/alt.spiellandschaft.de\/kinder\/wp-json\/wp\/v2\/types\/page"}],"author":[{"embeddable":true,"href":"https:\/\/alt.spiellandschaft.de\/kinder\/wp-json\/wp\/v2\/users\/15"}],"replies":[{"embeddable":true,"href":"https:\/\/alt.spiellandschaft.de\/kinder\/wp-json\/wp\/v2\/comments?post=10127"}],"version-history":[{"count":4,"href":"https:\/\/alt.spiellandschaft.de\/kinder\/wp-json\/wp\/v2\/pages\/10127\/revisions"}],"predecessor-version":[{"id":10226,"href":"https:\/\/alt.spiellandschaft.de\/kinder\/wp-json\/wp\/v2\/pages\/10127\/revisions\/10226"}],"up":[{"embeddable":true,"href":"https:\/\/alt.spiellandschaft.de\/kinder\/wp-json\/wp\/v2\/pages\/6348"}],"wp:featuredmedia":[{"embeddable":true,"href":"https:\/\/alt.spiellandschaft.de\/kinder\/wp-json\/wp\/v2\/media\/10128"}],"wp:attachment":[{"href":"https:\/\/alt.spiellandschaft.de\/kinder\/wp-json\/wp\/v2\/media?parent=10127"}],"curies":[{"name":"wp","href":"https:\/\/api.w.org\/{rel}","templated":true}]}}