{"id":10132,"date":"2016-04-27T15:39:26","date_gmt":"2016-04-27T13:39:26","guid":{"rendered":"http:\/\/spiellandschaft.de\/kinder\/?page_id=10132"},"modified":"2016-04-27T15:47:31","modified_gmt":"2016-04-27T13:47:31","slug":"griechenplatz","status":"publish","type":"page","link":"https:\/\/alt.spiellandschaft.de\/kinder\/kinderstadtplaene\/harlaching\/spielplaetze-in-harlaching\/griechenplatz\/","title":{"rendered":"Griechenplatz"},"content":{"rendered":"<p>Der Griechenplatz macht seinem Name alle Ehre. Wenn du auf dem Spielplatz spielst, wirst du ein bisschen den Eindruck haben, als w\u00e4rst du in Griechenland.<!--more--><\/p>\n<p><img decoding=\"async\" class=\"alignleft wp-image-7170 size-thumbnail\" src=\"https:\/\/alt.spiellandschaft.de\/kinder\/wp-content\/uploads\/sites\/2\/2014\/12\/spielplatz-am-griechenplatz_kb-6-150x150.jpg\" alt=\"Spielplatz am Griechenplatz\" width=\"150\" height=\"150\" srcset=\"https:\/\/alt.spiellandschaft.de\/kinder\/wp-content\/uploads\/sites\/2\/2014\/12\/spielplatz-am-griechenplatz_kb-6-150x150.jpg 150w, https:\/\/alt.spiellandschaft.de\/kinder\/wp-content\/uploads\/sites\/2\/2014\/12\/spielplatz-am-griechenplatz_kb-6-290x290.jpg 290w\" sizes=\"(max-width: 150px) 100vw, 150px\" \/><\/p>\n<p>Zu dem Spielplatz geh\u00f6rt eine kleine Sitzgruppe in der Form eines Amphitheaters, eine umgelegte S\u00e4ule, eine Schaukel in griechischem Blau, eine Wippe, ein gro\u00dfes hohles Fass, in dem man ungest\u00f6rt Picknick machen kann sowie ein Kletterger\u00fcst mit Rutsche.<\/p>\n<p>An dem Kletterger\u00fcst ist auch eine kleine Sandm\u00fchle angebracht. Wenn du genug Sand von oben reinsch\u00fcttest, f\u00e4ngt sie an, sich zu drehen.<\/p>\n<p><img decoding=\"async\" class=\"alignleft wp-image-10136 size-thumbnail\" src=\"https:\/\/alt.spiellandschaft.de\/kinder\/wp-content\/uploads\/sites\/2\/2016\/04\/spielplatz-am-griechenplatz-150x150.jpg\" alt=\"Spielplatz am Griechenplatz\" width=\"150\" height=\"150\" srcset=\"https:\/\/alt.spiellandschaft.de\/kinder\/wp-content\/uploads\/sites\/2\/2016\/04\/spielplatz-am-griechenplatz-150x150.jpg 150w, https:\/\/alt.spiellandschaft.de\/kinder\/wp-content\/uploads\/sites\/2\/2016\/04\/spielplatz-am-griechenplatz-290x290.jpg 290w\" sizes=\"(max-width: 150px) 100vw, 150px\" \/><\/p>\n<p>Es gibt au\u00dferdem auch eine gro\u00dfe Wiese zum Fu\u00dfballspielen, ein Kirschbaum und drei Mirabellenb\u00e4ume.<br \/>\nAm anderen Ende des Platzes sind auch noch zwei Tischtennisplatten.<br \/>\nDer Griechenplatz ist der Lieblingsspielplatz von Lennart (6). Er war fr\u00fcher sehr h\u00e4ufig mit seiner Kindergartengruppe auf dem Spielplatz.<\/p>\n","protected":false},"excerpt":{"rendered":"<p>Der Griechenplatz macht seinem Name alle Ehre. Wenn du auf dem Spielplatz spielst, wirst du ein bisschen den Eindruck haben, als w\u00e4rst du in Griechenland.<\/p>\n","protected":false},"author":15,"featured_media":7170,"parent":6348,"menu_order":0,"comment_status":"closed","ping_status":"closed","template":"content-sidebar-infobox-inhalt.php","meta":{"_acf_changed":false,"ngg_post_thumbnail":0,"footnotes":""},"class_list":["post-10132","page","type-page","status-publish","has-post-thumbnail","hentry"],"acf":[],"_links":{"self":[{"href":"https:\/\/alt.spiellandschaft.de\/kinder\/wp-json\/wp\/v2\/pages\/10132","targetHints":{"allow":["GET"]}}],"collection":[{"href":"https:\/\/alt.spiellandschaft.de\/kinder\/wp-json\/wp\/v2\/pages"}],"about":[{"href":"https:\/\/alt.spiellandschaft.de\/kinder\/wp-json\/wp\/v2\/types\/page"}],"author":[{"embeddable":true,"href":"https:\/\/alt.spiellandschaft.de\/kinder\/wp-json\/wp\/v2\/users\/15"}],"replies":[{"embeddable":true,"href":"https:\/\/alt.spiellandschaft.de\/kinder\/wp-json\/wp\/v2\/comments?post=10132"}],"version-history":[{"count":6,"href":"https:\/\/alt.spiellandschaft.de\/kinder\/wp-json\/wp\/v2\/pages\/10132\/revisions"}],"predecessor-version":[{"id":10140,"href":"https:\/\/alt.spiellandschaft.de\/kinder\/wp-json\/wp\/v2\/pages\/10132\/revisions\/10140"}],"up":[{"embeddable":true,"href":"https:\/\/alt.spiellandschaft.de\/kinder\/wp-json\/wp\/v2\/pages\/6348"}],"wp:featuredmedia":[{"embeddable":true,"href":"https:\/\/alt.spiellandschaft.de\/kinder\/wp-json\/wp\/v2\/media\/7170"}],"wp:attachment":[{"href":"https:\/\/alt.spiellandschaft.de\/kinder\/wp-json\/wp\/v2\/media?parent=10132"}],"curies":[{"name":"wp","href":"https:\/\/api.w.org\/{rel}","templated":true}]}}