{"id":10159,"date":"2016-04-27T16:15:29","date_gmt":"2016-04-27T14:15:29","guid":{"rendered":"http:\/\/spiellandschaft.de\/kinder\/?page_id=10159"},"modified":"2016-04-29T15:51:04","modified_gmt":"2016-04-29T13:51:04","slug":"tarzanspielplatz-an-der-fromundstrasse","status":"publish","type":"page","link":"https:\/\/alt.spiellandschaft.de\/kinder\/kinderstadtplaene\/harlaching\/spielplaetze-in-harlaching\/tarzanspielplatz-an-der-fromundstrasse\/","title":{"rendered":"Tarzanspielplatz an der Fromundstra\u00dfe"},"content":{"rendered":"<p>An der Fromundstra\u00dfe gibt es viel zum Klettern und Schwingen. Au\u00dferdem sind hier gleich mehrere Spielpl\u00e4tze beieinander.<\/p>\n<p><!--more--><\/p>\n<p><img fetchpriority=\"high\" decoding=\"async\" class=\"alignleft wp-image-10191 size-medium\" src=\"https:\/\/alt.spiellandschaft.de\/kinder\/wp-content\/uploads\/sites\/2\/2016\/04\/fromundstrasse-tarzanbahn-225x300.jpg\" alt=\"Fromundstra\u00dfe Tarzanbahn\" width=\"225\" height=\"300\" srcset=\"https:\/\/alt.spiellandschaft.de\/kinder\/wp-content\/uploads\/sites\/2\/2016\/04\/fromundstrasse-tarzanbahn-225x300.jpg 225w, https:\/\/alt.spiellandschaft.de\/kinder\/wp-content\/uploads\/sites\/2\/2016\/04\/fromundstrasse-tarzanbahn.jpg 450w\" sizes=\"(max-width: 225px) 100vw, 225px\" \/>In der H\u00fcgellandschaft steht eine Tarzanbahn, Reifenschaukeln und eine Kletterwand. Daneben gibt es einen eingez\u00e4unten Kleinkinderspielplatz mit gro\u00dfem Klettergr\u00fcst. Auch eine Tischtennisplatte, ein Basketballkorb und neue Dreh- und Wippger\u00e4te findest du dort.<\/p>\n<p>Am besten aber sind die nat\u00fcrlichen Tunnel in den Str\u00e4uchern rundherum, findet Nadja (9 Jahre).<\/p>\n","protected":false},"excerpt":{"rendered":"<p>An der Fromundstra\u00dfe gibt es viel zum Klettern und Schwingen. Au\u00dferdem sind hier gleich mehrere Spielpl\u00e4tze beieinander.<\/p>\n","protected":false},"author":15,"featured_media":10160,"parent":6348,"menu_order":0,"comment_status":"closed","ping_status":"closed","template":"content-sidebar-infobox-inhalt.php","meta":{"_acf_changed":false,"ngg_post_thumbnail":0,"footnotes":""},"class_list":["post-10159","page","type-page","status-publish","has-post-thumbnail","hentry"],"acf":[],"_links":{"self":[{"href":"https:\/\/alt.spiellandschaft.de\/kinder\/wp-json\/wp\/v2\/pages\/10159","targetHints":{"allow":["GET"]}}],"collection":[{"href":"https:\/\/alt.spiellandschaft.de\/kinder\/wp-json\/wp\/v2\/pages"}],"about":[{"href":"https:\/\/alt.spiellandschaft.de\/kinder\/wp-json\/wp\/v2\/types\/page"}],"author":[{"embeddable":true,"href":"https:\/\/alt.spiellandschaft.de\/kinder\/wp-json\/wp\/v2\/users\/15"}],"replies":[{"embeddable":true,"href":"https:\/\/alt.spiellandschaft.de\/kinder\/wp-json\/wp\/v2\/comments?post=10159"}],"version-history":[{"count":9,"href":"https:\/\/alt.spiellandschaft.de\/kinder\/wp-json\/wp\/v2\/pages\/10159\/revisions"}],"predecessor-version":[{"id":10192,"href":"https:\/\/alt.spiellandschaft.de\/kinder\/wp-json\/wp\/v2\/pages\/10159\/revisions\/10192"}],"up":[{"embeddable":true,"href":"https:\/\/alt.spiellandschaft.de\/kinder\/wp-json\/wp\/v2\/pages\/6348"}],"wp:featuredmedia":[{"embeddable":true,"href":"https:\/\/alt.spiellandschaft.de\/kinder\/wp-json\/wp\/v2\/media\/10160"}],"wp:attachment":[{"href":"https:\/\/alt.spiellandschaft.de\/kinder\/wp-json\/wp\/v2\/media?parent=10159"}],"curies":[{"name":"wp","href":"https:\/\/api.w.org\/{rel}","templated":true}]}}