{"id":10171,"date":"2016-04-27T16:27:27","date_gmt":"2016-04-27T14:27:27","guid":{"rendered":"http:\/\/spiellandschaft.de\/kinder\/?page_id=10171"},"modified":"2016-04-27T16:32:06","modified_gmt":"2016-04-27T14:32:06","slug":"spielplatz-in-den-isarauen","status":"publish","type":"page","link":"https:\/\/alt.spiellandschaft.de\/kinder\/kinderstadtplaene\/harlaching\/spielplaetze-in-harlaching\/spielplatz-in-den-isarauen\/","title":{"rendered":"Spielplatz in den Isarauen"},"content":{"rendered":"<div class=\"post-entry\">\n<p>Ganz in der N\u00e4he der Isar findest du mehrere Spielpl\u00e4tze und ganz viele Wiesen zum Toben. Der gr\u00f6\u00dfere Spielplatz in den Isarauen liegt etwas s\u00fcdlich. <!--more--><\/p>\n<p><img fetchpriority=\"high\" decoding=\"async\" class=\"size-medium wp-image-10172 alignleft\" src=\"https:\/\/alt.spiellandschaft.de\/kinder\/wp-content\/uploads\/sites\/2\/2016\/04\/spielplatz-isarauen-suedlich-300x225.jpg\" alt=\"Spielplatz Isarauen s\u00fcdlich\" width=\"300\" height=\"225\" srcset=\"https:\/\/alt.spiellandschaft.de\/kinder\/wp-content\/uploads\/sites\/2\/2016\/04\/spielplatz-isarauen-suedlich-300x225.jpg 300w, https:\/\/alt.spiellandschaft.de\/kinder\/wp-content\/uploads\/sites\/2\/2016\/04\/spielplatz-isarauen-suedlich.jpg 600w\" sizes=\"(max-width: 300px) 100vw, 300px\" \/>Auf dem Spielplatz findest du zwei Wippen, ein Ger\u00fcst mit Kletterstangen und zwei Ringen, zwei Rutschen, eine Art Wippe zum Sitzen in Form eines Halbkreises und sehr gro\u00dfe Fu\u00dfballwiese sowie gro\u00dfe schattenspendende B\u00e4ume.<\/p>\n<p>Stella (4) findet die kleine Rutsche besser als die gro\u00dfe, weil man dort schneller ist. Am Besten aber gefallen ihr die zwei herunterh\u00e4ngenden Ringe, weil man hier auch schaukeln kann, wenn die eine Schaukel belegt ist oder gerade fehlt.<\/p>\n<p><img decoding=\"async\" class=\"alignleft wp-image-10175 size-thumbnail\" src=\"https:\/\/alt.spiellandschaft.de\/kinder\/wp-content\/uploads\/sites\/2\/2016\/04\/grillplatz-isarauen-150x150.jpg\" alt=\"Grillplatz Isarauen\" width=\"150\" height=\"150\" srcset=\"https:\/\/alt.spiellandschaft.de\/kinder\/wp-content\/uploads\/sites\/2\/2016\/04\/grillplatz-isarauen-150x150.jpg 150w, https:\/\/alt.spiellandschaft.de\/kinder\/wp-content\/uploads\/sites\/2\/2016\/04\/grillplatz-isarauen-290x290.jpg 290w\" sizes=\"(max-width: 150px) 100vw, 150px\" \/>Insgesamt hat sie dem Spielplatz die Gesamtnote 2 gegeben, denn sie und ihre Freunde finden es schade, dass es keinen Holzturm oder \u00c4hnliches gibt. Das w\u00fcrde dem Spielplatz n\u00e4mlich noch fehlen.<\/p>\n<p>Etwas weiter sind drei runde Grillstellen mit Steinb\u00e4nken. Jeweils in der Mitte steht ein hoher Grill mit Feuerstelle.<\/p>\n<\/div>\n","protected":false},"excerpt":{"rendered":"<p>Ganz in der N\u00e4he der Isar findest du mehrere Spielpl\u00e4tze und ganz viele Wiesen zum Toben. Der gr\u00f6\u00dfere Spielplatz in den Isarauen liegt etwas s\u00fcdlich.<\/p>\n","protected":false},"author":15,"featured_media":10172,"parent":6348,"menu_order":0,"comment_status":"closed","ping_status":"closed","template":"content-sidebar-infobox-inhalt.php","meta":{"_acf_changed":false,"ngg_post_thumbnail":0,"footnotes":""},"class_list":["post-10171","page","type-page","status-publish","has-post-thumbnail","hentry"],"acf":[],"_links":{"self":[{"href":"https:\/\/alt.spiellandschaft.de\/kinder\/wp-json\/wp\/v2\/pages\/10171","targetHints":{"allow":["GET"]}}],"collection":[{"href":"https:\/\/alt.spiellandschaft.de\/kinder\/wp-json\/wp\/v2\/pages"}],"about":[{"href":"https:\/\/alt.spiellandschaft.de\/kinder\/wp-json\/wp\/v2\/types\/page"}],"author":[{"embeddable":true,"href":"https:\/\/alt.spiellandschaft.de\/kinder\/wp-json\/wp\/v2\/users\/15"}],"replies":[{"embeddable":true,"href":"https:\/\/alt.spiellandschaft.de\/kinder\/wp-json\/wp\/v2\/comments?post=10171"}],"version-history":[{"count":4,"href":"https:\/\/alt.spiellandschaft.de\/kinder\/wp-json\/wp\/v2\/pages\/10171\/revisions"}],"predecessor-version":[{"id":10178,"href":"https:\/\/alt.spiellandschaft.de\/kinder\/wp-json\/wp\/v2\/pages\/10171\/revisions\/10178"}],"up":[{"embeddable":true,"href":"https:\/\/alt.spiellandschaft.de\/kinder\/wp-json\/wp\/v2\/pages\/6348"}],"wp:featuredmedia":[{"embeddable":true,"href":"https:\/\/alt.spiellandschaft.de\/kinder\/wp-json\/wp\/v2\/media\/10172"}],"wp:attachment":[{"href":"https:\/\/alt.spiellandschaft.de\/kinder\/wp-json\/wp\/v2\/media?parent=10171"}],"curies":[{"name":"wp","href":"https:\/\/api.w.org\/{rel}","templated":true}]}}