{"id":18926,"date":"2019-08-27T10:56:22","date_gmt":"2019-08-27T08:56:22","guid":{"rendered":"https:\/\/spiellandschaft.de\/kinder\/?page_id=18926"},"modified":"2019-08-27T13:02:00","modified_gmt":"2019-08-27T11:02:00","slug":"roter-spielplatz-allgaeuer-strasse","status":"publish","type":"page","link":"https:\/\/alt.spiellandschaft.de\/kinder\/kinderstadtplaene\/forstenried-fuerstenried\/spielplaetze-in-fuerstenried-forstenried\/roter-spielplatz-allgaeuer-strasse\/","title":{"rendered":"Roter Spielplatz Allg\u00e4uer Stra\u00dfe"},"content":{"rendered":"<p><a href=\"http:\/\/www.google.de\"><!--more--><\/a><img fetchpriority=\"high\" decoding=\"async\" class=\"wp-image-18114 alignright\" src=\"https:\/\/alt.spiellandschaft.de\/kinder\/wp-content\/uploads\/sites\/2\/2018\/06\/spielgeraet_roterspielplatz_allgaeuerstrasse102_jkn-klein.jpg\" alt=\"\" width=\"348\" height=\"262\" srcset=\"https:\/\/alt.spiellandschaft.de\/kinder\/wp-content\/uploads\/sites\/2\/2018\/06\/spielgeraet_roterspielplatz_allgaeuerstrasse102_jkn-klein.jpg 800w, https:\/\/alt.spiellandschaft.de\/kinder\/wp-content\/uploads\/sites\/2\/2018\/06\/spielgeraet_roterspielplatz_allgaeuerstrasse102_jkn-klein-300x225.jpg 300w\" sizes=\"(max-width: 348px) 100vw, 348px\" \/><\/p>\n<p style=\"text-align: left\">Mohamed (9), Felix (10), Florin (9), Emin (9) und Angel (12) haben hier ein gro\u00dfes Spielger\u00fcst mit Rutsche, Kletternetzen, Kletterwand, eine R\u00f6hre zum Durchkriechen und eine Feuerwehrstange entdeckt.\u00a0 F\u00fcr die Tischtennisinteressierten ist hier eine Tischtennisplatte zu finden. Emins (9), Angels (12) und Felix (10) Lieblingsspielger\u00e4t ist die R\u00f6hre, da man hier nicht nur durchklettern, sondern auch auf der R\u00f6hre sitzen und von oben die Aussicht genie\u00dfen kann. Mohamed (9) und Florin (9) spielen am liebsten an der Kletterwand.<\/p>\n","protected":false},"excerpt":{"rendered":"","protected":false},"author":14,"featured_media":18114,"parent":18691,"menu_order":0,"comment_status":"closed","ping_status":"closed","template":"","meta":{"_acf_changed":false,"ngg_post_thumbnail":0,"footnotes":""},"class_list":["post-18926","page","type-page","status-publish","has-post-thumbnail","hentry"],"acf":[],"_links":{"self":[{"href":"https:\/\/alt.spiellandschaft.de\/kinder\/wp-json\/wp\/v2\/pages\/18926","targetHints":{"allow":["GET"]}}],"collection":[{"href":"https:\/\/alt.spiellandschaft.de\/kinder\/wp-json\/wp\/v2\/pages"}],"about":[{"href":"https:\/\/alt.spiellandschaft.de\/kinder\/wp-json\/wp\/v2\/types\/page"}],"author":[{"embeddable":true,"href":"https:\/\/alt.spiellandschaft.de\/kinder\/wp-json\/wp\/v2\/users\/14"}],"replies":[{"embeddable":true,"href":"https:\/\/alt.spiellandschaft.de\/kinder\/wp-json\/wp\/v2\/comments?post=18926"}],"version-history":[{"count":3,"href":"https:\/\/alt.spiellandschaft.de\/kinder\/wp-json\/wp\/v2\/pages\/18926\/revisions"}],"predecessor-version":[{"id":18937,"href":"https:\/\/alt.spiellandschaft.de\/kinder\/wp-json\/wp\/v2\/pages\/18926\/revisions\/18937"}],"up":[{"embeddable":true,"href":"https:\/\/alt.spiellandschaft.de\/kinder\/wp-json\/wp\/v2\/pages\/18691"}],"wp:featuredmedia":[{"embeddable":true,"href":"https:\/\/alt.spiellandschaft.de\/kinder\/wp-json\/wp\/v2\/media\/18114"}],"wp:attachment":[{"href":"https:\/\/alt.spiellandschaft.de\/kinder\/wp-json\/wp\/v2\/media?parent=18926"}],"curies":[{"name":"wp","href":"https:\/\/api.w.org\/{rel}","templated":true}]}}