{"id":18932,"date":"2019-08-27T11:27:21","date_gmt":"2019-08-27T09:27:21","guid":{"rendered":"https:\/\/spiellandschaft.de\/kinder\/?page_id=18932"},"modified":"2019-08-27T11:28:56","modified_gmt":"2019-08-27T09:28:56","slug":"wald-spielplatz-kemptener-strasse","status":"publish","type":"page","link":"https:\/\/alt.spiellandschaft.de\/kinder\/kinderstadtplaene\/forstenried-fuerstenried\/spielplaetze-in-fuerstenried-forstenried\/wald-spielplatz-kemptener-strasse\/","title":{"rendered":"Wald Spielplatz Kemptener Stra\u00dfe"},"content":{"rendered":"<p><!--more--><\/p>\n<p>F\u00fcr Mohamed (9), Felix (10) und Florin (9)<img fetchpriority=\"high\" decoding=\"async\" class=\"wp-image-18115 alignright\" src=\"https:\/\/alt.spiellandschaft.de\/kinder\/wp-content\/uploads\/sites\/2\/2018\/06\/waldspielplatz_kemptenerstrasse48_jkn.jpg\" alt=\"\" width=\"313\" height=\"238\" \/> ist die gro\u00dfe Netzschaukel das Highlight auf dem Spielplatz. Besonders toll finden Emin (9) und Felix (10) die Aussicht die man hat, wenn man die Spitze der Klettertipis erreicht. Der einzige Nachteil des Spielplatzes ist die R\u00f6hrenrutsche, die am Ende eine gef\u00e4hrliche Ecke besitzt an der sich schon viele Kinder beim Rutschen den Kopf angesto\u00dfen haben. Der Tipp der f\u00fcnf Spielplatzforscher ist deshalb im Liegen zu rutschen. Au\u00dferdem w\u00fcnschen sich Florin (9), Mohamed (9) und Emin (9), dass die\u00a0 Hundebesitzer den Hundekot nicht mehr in den M\u00fclleimern am Spielplatz entsorgen. Daf\u00fcr haben die Jungs ein Verbotsschild selbst entworfen.<\/p>\n","protected":false},"excerpt":{"rendered":"","protected":false},"author":14,"featured_media":18115,"parent":18691,"menu_order":0,"comment_status":"closed","ping_status":"closed","template":"","meta":{"_acf_changed":false,"ngg_post_thumbnail":0,"footnotes":""},"class_list":["post-18932","page","type-page","status-publish","has-post-thumbnail","hentry"],"acf":[],"_links":{"self":[{"href":"https:\/\/alt.spiellandschaft.de\/kinder\/wp-json\/wp\/v2\/pages\/18932","targetHints":{"allow":["GET"]}}],"collection":[{"href":"https:\/\/alt.spiellandschaft.de\/kinder\/wp-json\/wp\/v2\/pages"}],"about":[{"href":"https:\/\/alt.spiellandschaft.de\/kinder\/wp-json\/wp\/v2\/types\/page"}],"author":[{"embeddable":true,"href":"https:\/\/alt.spiellandschaft.de\/kinder\/wp-json\/wp\/v2\/users\/14"}],"replies":[{"embeddable":true,"href":"https:\/\/alt.spiellandschaft.de\/kinder\/wp-json\/wp\/v2\/comments?post=18932"}],"version-history":[{"count":3,"href":"https:\/\/alt.spiellandschaft.de\/kinder\/wp-json\/wp\/v2\/pages\/18932\/revisions"}],"predecessor-version":[{"id":18935,"href":"https:\/\/alt.spiellandschaft.de\/kinder\/wp-json\/wp\/v2\/pages\/18932\/revisions\/18935"}],"up":[{"embeddable":true,"href":"https:\/\/alt.spiellandschaft.de\/kinder\/wp-json\/wp\/v2\/pages\/18691"}],"wp:featuredmedia":[{"embeddable":true,"href":"https:\/\/alt.spiellandschaft.de\/kinder\/wp-json\/wp\/v2\/media\/18115"}],"wp:attachment":[{"href":"https:\/\/alt.spiellandschaft.de\/kinder\/wp-json\/wp\/v2\/media?parent=18932"}],"curies":[{"name":"wp","href":"https:\/\/api.w.org\/{rel}","templated":true}]}}