{"id":18936,"date":"2019-08-27T13:08:54","date_gmt":"2019-08-27T11:08:54","guid":{"rendered":"https:\/\/spiellandschaft.de\/kinder\/?page_id=18936"},"modified":"2019-08-27T13:09:19","modified_gmt":"2019-08-27T11:09:19","slug":"spielplatz-am-pippinplatz","status":"publish","type":"page","link":"https:\/\/alt.spiellandschaft.de\/kinder\/kinderstadtplaene\/forstenried-fuerstenried\/spielplaetze-in-fuerstenried-forstenried\/spielplatz-am-pippinplatz\/","title":{"rendered":"Spielplatz am Pippinplatz"},"content":{"rendered":"<p><!--more--><\/p>\n<p>Die Spielplatzforscher der 3b der K\u00f6nigswieser<img fetchpriority=\"high\" decoding=\"async\" class=\"wp-image-18186 alignright\" src=\"https:\/\/alt.spiellandschaft.de\/kinder\/wp-content\/uploads\/sites\/2\/2018\/06\/kletterhaus_spielplatz_pippinplatz_jkn-klein.jpg\" alt=\"\" width=\"212\" height=\"280\" \/> Grundschule haben diesen Spielplatz genauer unter die Lupe genommen. Die M\u00e4dchen finden das kleine Spielhaus besonders gut. Sie nutzen das Dach um von oben den besten \u00dcberblick \u00fcber den Spielplatz zu haben. Die Jungs sind von der gro\u00dfen Netzschaukel besonders begeistert. Was sich die Spielplatzforscher f\u00fcr den Spielplatz am meisten w\u00fcnschen, ist neuer und vor allem mehr Sand im Sandkasten.<\/p>\n","protected":false},"excerpt":{"rendered":"","protected":false},"author":14,"featured_media":18187,"parent":18691,"menu_order":0,"comment_status":"closed","ping_status":"closed","template":"","meta":{"_acf_changed":false,"ngg_post_thumbnail":0,"footnotes":""},"class_list":["post-18936","page","type-page","status-publish","has-post-thumbnail","hentry"],"acf":[],"_links":{"self":[{"href":"https:\/\/alt.spiellandschaft.de\/kinder\/wp-json\/wp\/v2\/pages\/18936","targetHints":{"allow":["GET"]}}],"collection":[{"href":"https:\/\/alt.spiellandschaft.de\/kinder\/wp-json\/wp\/v2\/pages"}],"about":[{"href":"https:\/\/alt.spiellandschaft.de\/kinder\/wp-json\/wp\/v2\/types\/page"}],"author":[{"embeddable":true,"href":"https:\/\/alt.spiellandschaft.de\/kinder\/wp-json\/wp\/v2\/users\/14"}],"replies":[{"embeddable":true,"href":"https:\/\/alt.spiellandschaft.de\/kinder\/wp-json\/wp\/v2\/comments?post=18936"}],"version-history":[{"count":2,"href":"https:\/\/alt.spiellandschaft.de\/kinder\/wp-json\/wp\/v2\/pages\/18936\/revisions"}],"predecessor-version":[{"id":18940,"href":"https:\/\/alt.spiellandschaft.de\/kinder\/wp-json\/wp\/v2\/pages\/18936\/revisions\/18940"}],"up":[{"embeddable":true,"href":"https:\/\/alt.spiellandschaft.de\/kinder\/wp-json\/wp\/v2\/pages\/18691"}],"wp:featuredmedia":[{"embeddable":true,"href":"https:\/\/alt.spiellandschaft.de\/kinder\/wp-json\/wp\/v2\/media\/18187"}],"wp:attachment":[{"href":"https:\/\/alt.spiellandschaft.de\/kinder\/wp-json\/wp\/v2\/media?parent=18936"}],"curies":[{"name":"wp","href":"https:\/\/api.w.org\/{rel}","templated":true}]}}