{"id":18948,"date":"2019-08-27T14:46:22","date_gmt":"2019-08-27T12:46:22","guid":{"rendered":"https:\/\/spiellandschaft.de\/kinder\/?page_id=18948"},"modified":"2019-08-27T14:58:49","modified_gmt":"2019-08-27T12:58:49","slug":"spielplatz-am-silvrettaweg","status":"publish","type":"page","link":"https:\/\/alt.spiellandschaft.de\/kinder\/kinderstadtplaene\/forstenried-fuerstenried\/spielplaetze-in-fuerstenried-forstenried\/spielplatz-am-silvrettaweg\/","title":{"rendered":"Spielplatz am Silvrettaweg"},"content":{"rendered":"<p><!--more--><\/p>\n<p>Raffael <img decoding=\"async\" class=\"wp-image-18274 alignright\" src=\"https:\/\/alt.spiellandschaft.de\/kinder\/wp-content\/uploads\/sites\/2\/2018\/06\/spielplatz_silvrettaweg-2_ek.jpg\" alt=\"\" width=\"261\" height=\"178\" \/>(3) geht hier gerne und regelm\u00e4\u00dfig zum Spielen hin. Auf dem Spielplatz, der direkt am Schloss F\u00fcrstenried liegt, kannst du nicht nur schaukeln, rutschen und klettern, es gibt auch ein Balancier-Element, eine Wackelbr\u00fccke und eine tolle Sandfl\u00e4che. Bei warmem Wetter, kannst du dich hier auch am Wasserspiel erfrischen.<sup>. <\/sup>Raffael gef\u00e4llt der Spielplatz gut, da er sch\u00f6n im Gr\u00fcnen liegt und auch viel Schatten vorhanden ist. Die Kinder nennen den Spielplatz Giraffenspielplatz weil es dort fr\u00fcher ein lustiges Karussell mit einer Giraffe darauf gab.<\/p>\n","protected":false},"excerpt":{"rendered":"","protected":false},"author":14,"featured_media":18275,"parent":18691,"menu_order":0,"comment_status":"closed","ping_status":"closed","template":"","meta":{"_acf_changed":false,"ngg_post_thumbnail":0,"footnotes":""},"class_list":["post-18948","page","type-page","status-publish","has-post-thumbnail","hentry"],"acf":[],"_links":{"self":[{"href":"https:\/\/alt.spiellandschaft.de\/kinder\/wp-json\/wp\/v2\/pages\/18948","targetHints":{"allow":["GET"]}}],"collection":[{"href":"https:\/\/alt.spiellandschaft.de\/kinder\/wp-json\/wp\/v2\/pages"}],"about":[{"href":"https:\/\/alt.spiellandschaft.de\/kinder\/wp-json\/wp\/v2\/types\/page"}],"author":[{"embeddable":true,"href":"https:\/\/alt.spiellandschaft.de\/kinder\/wp-json\/wp\/v2\/users\/14"}],"replies":[{"embeddable":true,"href":"https:\/\/alt.spiellandschaft.de\/kinder\/wp-json\/wp\/v2\/comments?post=18948"}],"version-history":[{"count":4,"href":"https:\/\/alt.spiellandschaft.de\/kinder\/wp-json\/wp\/v2\/pages\/18948\/revisions"}],"predecessor-version":[{"id":18952,"href":"https:\/\/alt.spiellandschaft.de\/kinder\/wp-json\/wp\/v2\/pages\/18948\/revisions\/18952"}],"up":[{"embeddable":true,"href":"https:\/\/alt.spiellandschaft.de\/kinder\/wp-json\/wp\/v2\/pages\/18691"}],"wp:featuredmedia":[{"embeddable":true,"href":"https:\/\/alt.spiellandschaft.de\/kinder\/wp-json\/wp\/v2\/media\/18275"}],"wp:attachment":[{"href":"https:\/\/alt.spiellandschaft.de\/kinder\/wp-json\/wp\/v2\/media?parent=18948"}],"curies":[{"name":"wp","href":"https:\/\/api.w.org\/{rel}","templated":true}]}}