{"id":19108,"date":"2019-08-30T14:33:07","date_gmt":"2019-08-30T12:33:07","guid":{"rendered":"https:\/\/spiellandschaft.de\/kinder\/?page_id=19108"},"modified":"2019-11-13T12:33:23","modified_gmt":"2019-11-13T10:33:23","slug":"raetsel","status":"publish","type":"page","link":"https:\/\/alt.spiellandschaft.de\/kinder\/kinderstadtplaene\/forstenried-fuerstenried\/raetsel\/","title":{"rendered":"R\u00e4tsel &amp; Spiele"},"content":{"rendered":"<p>Hier gibt es R\u00e4tsel rund um Forstenried-F\u00fcrstenried.<\/p>\n<p><!--more--><\/p>\n<h4><a href=\"https:\/\/alt.spiellandschaft.de\/kinder\/bilderraetsel-rund-um-das-aez\/\">Bilderr\u00e4tsel rund um das AEZ<\/a><\/h4>\n<h4><\/h4>\n<h4><a href=\"https:\/\/alt.spiellandschaft.de\/kinder\/raetsel-zur-achterlacke\/\">R\u00e4tsel zur Achterlacke<\/a><\/h4>\n<h4><\/h4>\n<h4><a href=\"https:\/\/alt.spiellandschaft.de\/kinder\/strassennamenraetsel-weltistrasse\/\">Stra\u00dfennamenr\u00e4tsel Weltistra\u00dfe<\/a><\/h4>\n<h4><\/h4>\n<h4><a href=\"https:\/\/alt.spiellandschaft.de\/kinder\/strassennamenraetsel-zur-drygalski-allee\/\">Stra\u00dfennamenr\u00e4tsel zur Drygalski Allee<\/a><\/h4>\n<h4><\/h4>\n<h4><a href=\"https:\/\/alt.spiellandschaft.de\/kinder\/strassennamenraetsel-zur-argelsrieder-strasse\/\">Stra\u00dfennamenr\u00e4tsel zur Argelsrieder Stra\u00dfe<\/a><\/h4>\n<h4><\/h4>\n<h4><a href=\"https:\/\/alt.spiellandschaft.de\/kinder\/strassennamenraetsel\/\">Stra\u00dfennamenr\u00e4tsel Buchloer Stra\u00dfe<\/a><\/h4>\n<h4><\/h4>\n<h4><a href=\"https:\/\/alt.spiellandschaft.de\/kinder\/strassennamenraetsel-vincen-schuepfer-strasse\/\">Stra\u00dfennamenr\u00e4tsel Vincen-Sch\u00fcpfer-Stra\u00dfe<\/a><\/h4>\n<h4><\/h4>\n<h4><a href=\"https:\/\/alt.spiellandschaft.de\/kinder\/strassennamenraetsel-koenigwieserstrasse\/\">Stra\u00dfennamenr\u00e4tsel K\u00f6nigwieserstra\u00dfe<\/a><\/h4>\n<h4><\/h4>\n<h4><a href=\"https:\/\/alt.spiellandschaft.de\/kinder\/strassennamenraetsel-am-vogelherd\/\">Stra\u00dfennamenr\u00e4tsel am Vogelherd<\/a><\/h4>\n<h4><\/h4>\n<h4><a href=\"https:\/\/alt.spiellandschaft.de\/kinder\/strassennamenraetsel-zur-springerstrasse\/\">Stra\u00dfennamenr\u00e4tsel Springerstra\u00dfe<\/a><\/h4>\n<h4><\/h4>\n<h4><a href=\"https:\/\/alt.spiellandschaft.de\/kinder\/strassennamenraetsel-zur-paul-klee-strasse\/\">Stra\u00dfennamenr\u00e4tsel Paul-Klee-Stra\u00dfe<\/a><\/h4>\n<h4><\/h4>\n<h4><a href=\"https:\/\/alt.spiellandschaft.de\/kinder\/schweizer-raetsel\/\">Schweizer R\u00e4tsel<\/a><\/h4>\n<h4><\/h4>\n<h4><a href=\"https:\/\/alt.spiellandschaft.de\/kinder\/kinderstadtplan-memory-2\/\">Memospiel \u201eP\u00e4rchen finden\u201c rund um den Maibaum Forstenried<\/a><\/h4>\n<h4><\/h4>\n<h4><a href=\"https:\/\/alt.spiellandschaft.de\/kinder\/kinderstadtplan-memory-2-2\/\">Memospiel \u201eP\u00e4rchen finden\u201c Forstenrieder Park<\/a><\/h4>\n<h4><\/h4>\n<h4><a href=\"https:\/\/alt.spiellandschaft.de\/kinder\/stadtteilpuzzle\/\">Stadtteilpuzzle<\/a><\/h4>\n","protected":false},"excerpt":{"rendered":"<p>Hier gibt es R\u00e4tsel rund um Forstenried-F\u00fcrstenried.<\/p>\n","protected":false},"author":14,"featured_media":2903,"parent":16330,"menu_order":0,"comment_status":"closed","ping_status":"closed","template":"","meta":{"_acf_changed":false,"ngg_post_thumbnail":0,"footnotes":""},"class_list":["post-19108","page","type-page","status-publish","has-post-thumbnail","hentry"],"acf":[],"_links":{"self":[{"href":"https:\/\/alt.spiellandschaft.de\/kinder\/wp-json\/wp\/v2\/pages\/19108","targetHints":{"allow":["GET"]}}],"collection":[{"href":"https:\/\/alt.spiellandschaft.de\/kinder\/wp-json\/wp\/v2\/pages"}],"about":[{"href":"https:\/\/alt.spiellandschaft.de\/kinder\/wp-json\/wp\/v2\/types\/page"}],"author":[{"embeddable":true,"href":"https:\/\/alt.spiellandschaft.de\/kinder\/wp-json\/wp\/v2\/users\/14"}],"replies":[{"embeddable":true,"href":"https:\/\/alt.spiellandschaft.de\/kinder\/wp-json\/wp\/v2\/comments?post=19108"}],"version-history":[{"count":12,"href":"https:\/\/alt.spiellandschaft.de\/kinder\/wp-json\/wp\/v2\/pages\/19108\/revisions"}],"predecessor-version":[{"id":19272,"href":"https:\/\/alt.spiellandschaft.de\/kinder\/wp-json\/wp\/v2\/pages\/19108\/revisions\/19272"}],"up":[{"embeddable":true,"href":"https:\/\/alt.spiellandschaft.de\/kinder\/wp-json\/wp\/v2\/pages\/16330"}],"wp:featuredmedia":[{"embeddable":true,"href":"https:\/\/alt.spiellandschaft.de\/kinder\/wp-json\/wp\/v2\/media\/2903"}],"wp:attachment":[{"href":"https:\/\/alt.spiellandschaft.de\/kinder\/wp-json\/wp\/v2\/media?parent=19108"}],"curies":[{"name":"wp","href":"https:\/\/api.w.org\/{rel}","templated":true}]}}