{"id":19437,"date":"2020-03-09T18:19:48","date_gmt":"2020-03-09T16:19:48","guid":{"rendered":"https:\/\/spiellandschaft.de\/kinder\/?page_id=19437"},"modified":"2022-02-15T11:35:31","modified_gmt":"2022-02-15T10:35:31","slug":"19437-2","status":"publish","type":"page","link":"https:\/\/alt.spiellandschaft.de\/kinder\/kinderstadtplaene\/solln\/19437-2\/","title":{"rendered":"Rallye durch den Stadtteil"},"content":{"rendered":"<p>Hier findest du die Stadtteilrallye durch Solln.<\/p>\n<p><!--more--><\/p>\n<p><strong>Ab sofort k\u00f6nnen alle Kinder aus Solln und Umgebung die neue Rallye durch den Stadtteil machen!<\/strong><\/p>\n<p>Auf der Karte findest du bestimmt ein paar Gl\u00fchbirnen-Bildchen. Das sind die Rallye-Punkte. Suche dabei die erste Station, klicke darauf und los geht\u00b4s!<\/p>\n<p>Die Rallye besteht aus drei Teilen und kann in jeweils drei Etappen oder, wenn man Lust und Zeit hat, gleich ganz am St\u00fcck abgelaufen werden. Wenn man gut zu Fu\u00df ist, braucht man f\u00fcr die einzelnen Teile kein Fahrrad. M\u00f6chte man aber mehrere Teile am St\u00fcck machen, zieht man am besten mit dem Fahrrad los!<\/p>\n<p>Wenn du die Rallye online machen willst, also ohne dir die drei verschiedenen Teile als Pdf auszudrucken, dann nimm dir trotzdem besser ein Blatt Papier und einen Stift mit, um dir deine Antworten zu notieren.<\/p>\n<p><strong>Hier ka<a href=\"https:\/\/alt.spiellandschaft.de\/kinder\/wp-content\/uploads\/sites\/2\/2020\/06\/rallye-teil-1.pdf\"><img decoding=\"async\" class=\"wp-image-19095 alignleft\" src=\"https:\/\/alt.spiellandschaft.de\/kinder\/wp-content\/uploads\/sites\/2\/2019\/08\/fotografen_maulwurf_oh.png\" alt=\"\" width=\"162\" height=\"264\"><\/a>nnst du dir die Rallye als Pdf herunterladen und ausdrucken:<\/strong><\/p>\n<ul style=\"list-style-type: disc;\">\n<li><a href=\"https:\/\/alt.spiellandschaft.de\/kinder\/wp-content\/uploads\/sites\/2\/2020\/06\/rallye-teil-1.pdf\">1. Teil der Rallye Pdf<\/a><\/li>\n<li><a href=\"https:\/\/alt.spiellandschaft.de\/kinder\/wp-content\/uploads\/sites\/2\/2020\/06\/rallye-teil-2.pdf\">2. Teil der Rallye Pdf<\/a><\/li>\n<li><a href=\"https:\/\/alt.spiellandschaft.de\/kinder\/wp-content\/uploads\/sites\/2\/2020\/06\/rallye-teil-3.pdf\">3. Teil der Rallye Pdf<\/a><\/li>\n<\/ul>\n<p><strong>Hier kannst du dir eine Karte mit dem Gesamt\u00fcberblick der Rallye durch Solln <\/strong><strong>anschauen und ausdrucken:<\/strong> <a href=\"https:\/\/alt.spiellandschaft.de\/kinder\/wp-content\/uploads\/sites\/2\/2020\/06\/solln-karte.pdf\">Karte mit Gesamt\u00fcberblick der Rallye<\/a><\/p>\n<p>Nachdem du die Rallye gemacht hast, schicke eine E-Mail an<br \/>\n<a href=\"mailto:kinderstadtplan@spiellandschaft.de\">kinderstadtplan@spiellandschaft.de <\/a>und lass dir die L\u00f6sungen zuschicken. Dann kannst du deine Ergebnisse mit den richtigen L\u00f6sungen vergleichen.<\/p>\n<p><strong>Viel Spa\u00df beim Forschen und Entdecken!<\/strong><\/p>\n<p>&nbsp;<\/p>\n<p>&nbsp;<\/p>\n<p>&nbsp;<\/p>\n<p>&nbsp;<\/p>\n","protected":false},"excerpt":{"rendered":"<p>Hier findest du die Stadtteilrallye durch Solln.<\/p>\n","protected":false},"author":14,"featured_media":22167,"parent":19321,"menu_order":0,"comment_status":"closed","ping_status":"closed","template":"","meta":{"_acf_changed":false,"ngg_post_thumbnail":0,"footnotes":""},"class_list":["post-19437","page","type-page","status-publish","has-post-thumbnail","hentry"],"acf":[],"_links":{"self":[{"href":"https:\/\/alt.spiellandschaft.de\/kinder\/wp-json\/wp\/v2\/pages\/19437","targetHints":{"allow":["GET"]}}],"collection":[{"href":"https:\/\/alt.spiellandschaft.de\/kinder\/wp-json\/wp\/v2\/pages"}],"about":[{"href":"https:\/\/alt.spiellandschaft.de\/kinder\/wp-json\/wp\/v2\/types\/page"}],"author":[{"embeddable":true,"href":"https:\/\/alt.spiellandschaft.de\/kinder\/wp-json\/wp\/v2\/users\/14"}],"replies":[{"embeddable":true,"href":"https:\/\/alt.spiellandschaft.de\/kinder\/wp-json\/wp\/v2\/comments?post=19437"}],"version-history":[{"count":17,"href":"https:\/\/alt.spiellandschaft.de\/kinder\/wp-json\/wp\/v2\/pages\/19437\/revisions"}],"predecessor-version":[{"id":23158,"href":"https:\/\/alt.spiellandschaft.de\/kinder\/wp-json\/wp\/v2\/pages\/19437\/revisions\/23158"}],"up":[{"embeddable":true,"href":"https:\/\/alt.spiellandschaft.de\/kinder\/wp-json\/wp\/v2\/pages\/19321"}],"wp:featuredmedia":[{"embeddable":true,"href":"https:\/\/alt.spiellandschaft.de\/kinder\/wp-json\/wp\/v2\/media\/22167"}],"wp:attachment":[{"href":"https:\/\/alt.spiellandschaft.de\/kinder\/wp-json\/wp\/v2\/media?parent=19437"}],"curies":[{"name":"wp","href":"https:\/\/api.w.org\/{rel}","templated":true}]}}