{"id":22039,"date":"2020-11-30T12:33:57","date_gmt":"2020-11-30T10:33:57","guid":{"rendered":"https:\/\/spiellandschaft.de\/kinder\/?page_id=22039"},"modified":"2020-12-07T13:49:11","modified_gmt":"2020-12-07T11:49:11","slug":"raetsel-spiele","status":"publish","type":"page","link":"https:\/\/alt.spiellandschaft.de\/kinder\/kinderstadtplaene\/solln\/raetsel-spiele\/","title":{"rendered":"R\u00e4tsel &amp; Spiele"},"content":{"rendered":"<p>Hier gibt es R\u00e4tsel rund um Solln.<\/p>\n<p><!--more--><\/p>\n<h4><strong><a href=\"https:\/\/alt.spiellandschaft.de\/kinder\/strassennamenraetsel-zur-konrad-witz-strasse\/\">Stra\u00dfennamenr\u00e4tsel zur Konrad-Witz-Stra\u00dfe<\/a><\/strong><\/h4>\n<h4><strong><a href=\"https:\/\/alt.spiellandschaft.de\/kinder\/strassennamenraetsel-zur-hofbrunnstrasse\/\">Stra\u00dfennamenr\u00e4tsel zur Hofbrunnstra\u00dfe<\/a><\/strong><\/h4>\n<h4><strong><a href=\"https:\/\/alt.spiellandschaft.de\/kinder\/strassennamenraetsel-zur-frans-hals-strasse\/\">Stra\u00dfennamenr\u00e4tsel zur Frans-Hals-Stra\u00dfe<\/a><\/strong><\/h4>\n<h4><strong><a href=\"https:\/\/alt.spiellandschaft.de\/kinder\/strassennamenraetsel-zur-froehlichstrasse\/\">Stra\u00dfennamenr\u00e4tsel zur Fr\u00f6hlichstra\u00dfe<\/a><\/strong><\/h4>\n<h4><strong><a href=\"https:\/\/alt.spiellandschaft.de\/kinder\/strassennamenraetsel-zur-vogelanger\/\">Stra\u00dfennamenr\u00e4tsel zur Vogelanger<\/a><\/strong><\/h4>\n<h4><strong><a href=\"https:\/\/alt.spiellandschaft.de\/kinder\/strassennamenraetsel-zur-braeutigamstrasse\/\">Stra\u00dfennamenr\u00e4tsel zur Br\u00e4utigamsstra\u00dfe<\/a><\/strong><\/h4>\n<h4><strong><a href=\"https:\/\/alt.spiellandschaft.de\/kinder\/strassennamenraetsel-zum-malerwinkel\/\">Stra\u00dfennamenr\u00e4tsel zum Malerwinkel<\/a><\/strong><\/h4>\n<h4><strong><a href=\"https:\/\/alt.spiellandschaft.de\/kinder\/strassennamenraetsel-zur-gruenbauerstrasse\/\">Stra\u00dfennamenr\u00e4tsel zur Gr\u00fcnbauerstra\u00dfe<\/a><\/strong><\/h4>\n<h4><strong><a href=\"https:\/\/alt.spiellandschaft.de\/kinder\/strassennamenraetsel-zum-faustnerweg\/\">Stra\u00dfennamenr\u00e4tsel zum Faustnerweg<\/a><\/strong><\/h4>\n","protected":false},"excerpt":{"rendered":"<p>Hier gibt es R\u00e4tsel rund um Solln.<\/p>\n","protected":false},"author":14,"featured_media":22168,"parent":19321,"menu_order":0,"comment_status":"closed","ping_status":"closed","template":"","meta":{"_acf_changed":false,"ngg_post_thumbnail":0,"footnotes":""},"class_list":["post-22039","page","type-page","status-publish","has-post-thumbnail","hentry"],"acf":[],"_links":{"self":[{"href":"https:\/\/alt.spiellandschaft.de\/kinder\/wp-json\/wp\/v2\/pages\/22039","targetHints":{"allow":["GET"]}}],"collection":[{"href":"https:\/\/alt.spiellandschaft.de\/kinder\/wp-json\/wp\/v2\/pages"}],"about":[{"href":"https:\/\/alt.spiellandschaft.de\/kinder\/wp-json\/wp\/v2\/types\/page"}],"author":[{"embeddable":true,"href":"https:\/\/alt.spiellandschaft.de\/kinder\/wp-json\/wp\/v2\/users\/14"}],"replies":[{"embeddable":true,"href":"https:\/\/alt.spiellandschaft.de\/kinder\/wp-json\/wp\/v2\/comments?post=22039"}],"version-history":[{"count":17,"href":"https:\/\/alt.spiellandschaft.de\/kinder\/wp-json\/wp\/v2\/pages\/22039\/revisions"}],"predecessor-version":[{"id":22193,"href":"https:\/\/alt.spiellandschaft.de\/kinder\/wp-json\/wp\/v2\/pages\/22039\/revisions\/22193"}],"up":[{"embeddable":true,"href":"https:\/\/alt.spiellandschaft.de\/kinder\/wp-json\/wp\/v2\/pages\/19321"}],"wp:featuredmedia":[{"embeddable":true,"href":"https:\/\/alt.spiellandschaft.de\/kinder\/wp-json\/wp\/v2\/media\/22168"}],"wp:attachment":[{"href":"https:\/\/alt.spiellandschaft.de\/kinder\/wp-json\/wp\/v2\/media?parent=22039"}],"curies":[{"name":"wp","href":"https:\/\/api.w.org\/{rel}","templated":true}]}}