{"id":2803,"date":"2013-10-16T17:37:55","date_gmt":"2013-10-16T15:37:55","guid":{"rendered":"http:\/\/spiellandschaft.de\/kinder\/?page_id=2803"},"modified":"2014-09-09T15:18:54","modified_gmt":"2014-09-09T13:18:54","slug":"prinzregentenbad","status":"publish","type":"page","link":"https:\/\/alt.spiellandschaft.de\/kinder\/kinderstadtplaene\/bogenhausen-2\/was-tun-und-wo\/schwimmbaeder-in-bogenhausen\/prinzregentenbad\/","title":{"rendered":"Prinzregentenbad"},"content":{"rendered":"<p>Wird von vielen auch gerne <strong>`Prinzi`<\/strong>genannt.<!--more--><\/p>\n<p>&nbsp;<\/p>\n<p><a href=\"https:\/\/alt.spiellandschaft.de\/kinder\/wp-content\/uploads\/sites\/2\/2013\/10\/prinzi-bogenhausen.jpg\"><img fetchpriority=\"high\" decoding=\"async\" class=\"alignleft size-medium wp-image-2783\" src=\"https:\/\/alt.spiellandschaft.de\/kinder\/wp-content\/uploads\/sites\/2\/2013\/10\/prinzi-bogenhausen-300x215.jpg\" alt=\"Prinzi Bogenhausen\" width=\"300\" height=\"215\" srcset=\"https:\/\/alt.spiellandschaft.de\/kinder\/wp-content\/uploads\/sites\/2\/2013\/10\/prinzi-bogenhausen-300x215.jpg 300w, https:\/\/alt.spiellandschaft.de\/kinder\/wp-content\/uploads\/sites\/2\/2013\/10\/prinzi-bogenhausen.jpg 800w\" sizes=\"(max-width: 300px) 100vw, 300px\" \/><\/a>Es gibt dort eine <strong>gro\u00dfe Wasserrutsche<\/strong> und<strong> f\u00fcnf Becken<\/strong>: Ein Babybecken mit Babyrutsche, ein Rutschbad, indem du nach dem Rutschen ankommst, ein Schwimmbecken f\u00fcr Erwachsene, ein Springbecken mit zwei Sprungh\u00f6hen und ein Strudelbecken, wo du dich rumtreiben lassen kann. In diesem Becken gibt es auch eine Art Riesenregenschirm, der Wasser runter regnen l\u00e4sst.<\/p>\n<p>In der kalten Jahreszeit verwandelt sich das Cosi! Im Freibad kannst du im <strong>Winter Schlittschuhlaufen<\/strong>. Aus den Volleyballfeldern mit echem Sand wird dann die Eisbahn.<\/p>\n<p>Zum Spielen gibt es eine Wiese und einen Spielplatz mit Wasserpumpe. An einem kleinen Kiosk kann man sich st\u00e4rken und Pommes mit Ketchup, Eis und W\u00fcrstchen kaufen. Im Winter gibt es dort zum Schlittschuhlaufen Kinderpunsch zu kaufen.<\/p>\n<p>&nbsp;<\/p>\n<p>F\u00fcr Kinder kostet eine <strong>Tageskarte im Prinzregentenbad 2,80 \u20ac<\/strong> und f\u00fcr Erwachsene 3,80 \u20ac. Man kann sich aber auch eine Monatskarte kaufen. <strong>Tipp:<\/strong> F\u00fcr die Ferien lohnt sich einen Ferienpass (beim Stadtjugendamt oder im Kinderinformationsladen der Spiellandschaft Stadt) zu kaufen. Mit dem k\u00f6nnt ihr so oft ihr wollt ins Freibad gehen.<\/p>\n<p>Im Winter kannst du f\u00fcr <strong>4,00 \u20ac den ganzen Tag Schlittschuhlaufen<\/strong>. Wenn du den flei\u00dfigen L\u00e4ufern erstmal nur zuschauen m\u00f6chtest kannst du f\u00fcr 1,90\u20ac auf der riesigen Trib\u00fcne Platz nehmen.<\/p>\n","protected":false},"excerpt":{"rendered":"<p>Wird von vielen auch gerne `Prinzi`genannt.<\/p>\n","protected":false},"author":7,"featured_media":6020,"parent":2801,"menu_order":0,"comment_status":"closed","ping_status":"open","template":"content-sidebar-infoboxes.php","meta":{"_acf_changed":false,"ngg_post_thumbnail":0,"footnotes":""},"class_list":["post-2803","page","type-page","status-publish","has-post-thumbnail","hentry"],"acf":[],"_links":{"self":[{"href":"https:\/\/alt.spiellandschaft.de\/kinder\/wp-json\/wp\/v2\/pages\/2803","targetHints":{"allow":["GET"]}}],"collection":[{"href":"https:\/\/alt.spiellandschaft.de\/kinder\/wp-json\/wp\/v2\/pages"}],"about":[{"href":"https:\/\/alt.spiellandschaft.de\/kinder\/wp-json\/wp\/v2\/types\/page"}],"author":[{"embeddable":true,"href":"https:\/\/alt.spiellandschaft.de\/kinder\/wp-json\/wp\/v2\/users\/7"}],"replies":[{"embeddable":true,"href":"https:\/\/alt.spiellandschaft.de\/kinder\/wp-json\/wp\/v2\/comments?post=2803"}],"version-history":[{"count":7,"href":"https:\/\/alt.spiellandschaft.de\/kinder\/wp-json\/wp\/v2\/pages\/2803\/revisions"}],"predecessor-version":[{"id":6025,"href":"https:\/\/alt.spiellandschaft.de\/kinder\/wp-json\/wp\/v2\/pages\/2803\/revisions\/6025"}],"up":[{"embeddable":true,"href":"https:\/\/alt.spiellandschaft.de\/kinder\/wp-json\/wp\/v2\/pages\/2801"}],"wp:featuredmedia":[{"embeddable":true,"href":"https:\/\/alt.spiellandschaft.de\/kinder\/wp-json\/wp\/v2\/media\/6020"}],"wp:attachment":[{"href":"https:\/\/alt.spiellandschaft.de\/kinder\/wp-json\/wp\/v2\/media?parent=2803"}],"curies":[{"name":"wp","href":"https:\/\/api.w.org\/{rel}","templated":true}]}}