{"id":4055,"date":"2014-02-10T15:37:29","date_gmt":"2014-02-10T13:37:29","guid":{"rendered":"http:\/\/spiellandschaft.de\/kinder\/?page_id=4055"},"modified":"2014-09-09T13:10:44","modified_gmt":"2014-09-09T11:10:44","slug":"unterfuehrung-beim-friedensengel","status":"publish","type":"page","link":"https:\/\/alt.spiellandschaft.de\/kinder\/kinderstadtplaene\/bogenhausen-2\/sehenswuerdigkeiten-bogenhausen\/kunst-in-bogenhausen\/unterfuehrung-beim-friedensengel\/","title":{"rendered":"Unterf\u00fchrung beim Friedensengel"},"content":{"rendered":"<p><!--more-->Die Fu\u00dfg\u00e4nger- und Fahrradunterf\u00fchrung unter dem Friedensengel ist etwas ganz Besonderes: Sie ist mit <strong>tollen Graffitibildern<\/strong> von einem prominenten <strong>Sprayer Namens Loomit<\/strong> und seinen Freunden gestaltet. Welches von den vielen Bildern gef\u00e4llt dir am Besten?<\/p>\nngg_shortcode_0_placeholder\n","protected":false},"excerpt":{"rendered":"","protected":false},"author":11,"featured_media":6004,"parent":4053,"menu_order":5,"comment_status":"closed","ping_status":"open","template":"full-width-page.php","meta":{"_acf_changed":false,"ngg_post_thumbnail":0,"footnotes":""},"class_list":["post-4055","page","type-page","status-publish","has-post-thumbnail","hentry"],"acf":[],"_links":{"self":[{"href":"https:\/\/alt.spiellandschaft.de\/kinder\/wp-json\/wp\/v2\/pages\/4055","targetHints":{"allow":["GET"]}}],"collection":[{"href":"https:\/\/alt.spiellandschaft.de\/kinder\/wp-json\/wp\/v2\/pages"}],"about":[{"href":"https:\/\/alt.spiellandschaft.de\/kinder\/wp-json\/wp\/v2\/types\/page"}],"author":[{"embeddable":true,"href":"https:\/\/alt.spiellandschaft.de\/kinder\/wp-json\/wp\/v2\/users\/11"}],"replies":[{"embeddable":true,"href":"https:\/\/alt.spiellandschaft.de\/kinder\/wp-json\/wp\/v2\/comments?post=4055"}],"version-history":[{"count":4,"href":"https:\/\/alt.spiellandschaft.de\/kinder\/wp-json\/wp\/v2\/pages\/4055\/revisions"}],"predecessor-version":[{"id":4382,"href":"https:\/\/alt.spiellandschaft.de\/kinder\/wp-json\/wp\/v2\/pages\/4055\/revisions\/4382"}],"up":[{"embeddable":true,"href":"https:\/\/alt.spiellandschaft.de\/kinder\/wp-json\/wp\/v2\/pages\/4053"}],"wp:featuredmedia":[{"embeddable":true,"href":"https:\/\/alt.spiellandschaft.de\/kinder\/wp-json\/wp\/v2\/media\/6004"}],"wp:attachment":[{"href":"https:\/\/alt.spiellandschaft.de\/kinder\/wp-json\/wp\/v2\/media?parent=4055"}],"curies":[{"name":"wp","href":"https:\/\/api.w.org\/{rel}","templated":true}]}}