{"id":4196,"date":"2014-02-07T19:00:54","date_gmt":"2014-02-07T17:00:54","guid":{"rendered":"http:\/\/spiellandschaft.de\/kinder\/?page_id=4196"},"modified":"2014-02-07T19:05:48","modified_gmt":"2014-02-07T17:05:48","slug":"zamilapark","status":"publish","type":"page","link":"https:\/\/alt.spiellandschaft.de\/kinder\/kinderstadtplaene\/bogenhausen-2\/natur-in-bogenhausen-2\/zamilapark\/","title":{"rendered":"Zamilapark"},"content":{"rendered":"<p><!--more--><a href=\"https:\/\/alt.spiellandschaft.de\/kinder\/wp-content\/uploads\/sites\/2\/2014\/02\/zamilapark_wiese1.jpg\"><img fetchpriority=\"high\" decoding=\"async\" class=\"alignright size-medium wp-image-4198\" alt=\"Zamilapark_Wiese\" src=\"https:\/\/alt.spiellandschaft.de\/kinder\/wp-content\/uploads\/sites\/2\/2014\/02\/zamilapark_wiese1-300x224.jpg\" width=\"300\" height=\"224\" srcset=\"https:\/\/alt.spiellandschaft.de\/kinder\/wp-content\/uploads\/sites\/2\/2014\/02\/zamilapark_wiese1-300x224.jpg 300w, https:\/\/alt.spiellandschaft.de\/kinder\/wp-content\/uploads\/sites\/2\/2014\/02\/zamilapark_wiese1.jpg 568w\" sizes=\"(max-width: 300px) 100vw, 300px\" \/><\/a>Der Zamilaparkt befindet sich am \u00f6stlichen Ende des Denniger Angers. Mitten im Zamilapark gibt es den <strong>Zamilasee<\/strong>. Dort kannst du sehr gut <strong>Tiere beobachten<\/strong>. Ein Weg geht direkt am See entlang, von einer Br\u00fccke aus kannst du sehr gro\u00dfe Fische beobachten.<\/p>\n<p>Im Zamilapark kannst du au\u00dferdem auf einer gro\u00dfen Sportanlage <strong>Fu\u00dfball<\/strong> spielen, auf einem\u00a0<strong>Skateplatz<\/strong> skaten oder Rollschuhfahren, <strong>Tischtennis<\/strong> und <strong>Basketball<\/strong> spielen, Obst ernten, Kastanien sammeln und im Winter <strong>Schlittenfahren<\/strong>.<\/p>\n<p>In der N\u00e4he des Zamilaparks ist der <strong>Geologiegarten<\/strong>. Hier kannst du sehr viel \u00fcber die <strong>Entstehungsgeschichte von Bayern<\/strong> erfahren: es gibt <strong>Felsen und Steine<\/strong> aus den verschiedensten Regionen in Bayern (von den Aplen bis nach Nordbayern). Auf diese Felsen kannst du sehr gut klettern und wieder runter rutschen.<\/p>\n","protected":false},"excerpt":{"rendered":"","protected":false},"author":11,"featured_media":4198,"parent":2768,"menu_order":0,"comment_status":"closed","ping_status":"open","template":"full-width-page.php","meta":{"_acf_changed":false,"ngg_post_thumbnail":0,"footnotes":""},"class_list":["post-4196","page","type-page","status-publish","has-post-thumbnail","hentry"],"acf":[],"_links":{"self":[{"href":"https:\/\/alt.spiellandschaft.de\/kinder\/wp-json\/wp\/v2\/pages\/4196","targetHints":{"allow":["GET"]}}],"collection":[{"href":"https:\/\/alt.spiellandschaft.de\/kinder\/wp-json\/wp\/v2\/pages"}],"about":[{"href":"https:\/\/alt.spiellandschaft.de\/kinder\/wp-json\/wp\/v2\/types\/page"}],"author":[{"embeddable":true,"href":"https:\/\/alt.spiellandschaft.de\/kinder\/wp-json\/wp\/v2\/users\/11"}],"replies":[{"embeddable":true,"href":"https:\/\/alt.spiellandschaft.de\/kinder\/wp-json\/wp\/v2\/comments?post=4196"}],"version-history":[{"count":4,"href":"https:\/\/alt.spiellandschaft.de\/kinder\/wp-json\/wp\/v2\/pages\/4196\/revisions"}],"predecessor-version":[{"id":4366,"href":"https:\/\/alt.spiellandschaft.de\/kinder\/wp-json\/wp\/v2\/pages\/4196\/revisions\/4366"}],"up":[{"embeddable":true,"href":"https:\/\/alt.spiellandschaft.de\/kinder\/wp-json\/wp\/v2\/pages\/2768"}],"wp:featuredmedia":[{"embeddable":true,"href":"https:\/\/alt.spiellandschaft.de\/kinder\/wp-json\/wp\/v2\/media\/4198"}],"wp:attachment":[{"href":"https:\/\/alt.spiellandschaft.de\/kinder\/wp-json\/wp\/v2\/media?parent=4196"}],"curies":[{"name":"wp","href":"https:\/\/api.w.org\/{rel}","templated":true}]}}