{"id":4240,"date":"2014-02-14T15:08:42","date_gmt":"2014-02-14T13:08:42","guid":{"rendered":"http:\/\/spiellandschaft.de\/kinder\/?page_id=4240"},"modified":"2014-09-09T15:10:50","modified_gmt":"2014-09-09T13:10:50","slug":"kino-cadillac","status":"publish","type":"page","link":"https:\/\/alt.spiellandschaft.de\/kinder\/kinderstadtplaene\/bogenhausen-2\/was-tun-und-wo\/kino-cadillac\/","title":{"rendered":"Kino Cadillac"},"content":{"rendered":"<p><strong>Kino, Popcorn, Autos, Filme, &#8230;<\/strong><\/p>\n<p><!--more--><a href=\"https:\/\/alt.spiellandschaft.de\/kinder\/wp-content\/uploads\/sites\/2\/2014\/02\/kino.jpg\"><img decoding=\"async\" class=\"size-full wp-image-4241 alignleft\" src=\"https:\/\/alt.spiellandschaft.de\/kinder\/wp-content\/uploads\/sites\/2\/2014\/02\/kino.jpg\" alt=\"kino\" width=\"103\" height=\"79\" \/><\/a>Das seit 1986 bestehende Kino hat sich seinen Namen durch den <strong>originalen, knallroten Cadillac\u00a0<\/strong>(das ist ein altes Auto, ein sogenannter Oldtimer) von 1942 im Eingangsbereich redlich verdient. Im Foyer kann man nicht nur Popcorn, Getr\u00e4nke und allerlei Knabbereien kaufen, sondern auch verschiedene <strong>Kultfiguren wie Charlie Chaplin und Superman<\/strong> bestaunen oder alte <strong>Jukeboxen<\/strong> bewundern, die eine ganz besondere Atmosph\u00e4re schaffen.<\/p>\n<p>&nbsp;<\/p>\n<p><a href=\"https:\/\/alt.spiellandschaft.de\/kinder\/wp-content\/uploads\/sites\/2\/2013\/12\/gebeleschule_kino-cadillec-26-klein.jpg\"><img fetchpriority=\"high\" decoding=\"async\" class=\"size-medium wp-image-3956 alignright\" src=\"https:\/\/alt.spiellandschaft.de\/kinder\/wp-content\/uploads\/sites\/2\/2013\/12\/gebeleschule_kino-cadillec-26-klein-300x168.jpg\" alt=\"Kino-Cadillec\" width=\"300\" height=\"168\" srcset=\"https:\/\/alt.spiellandschaft.de\/kinder\/wp-content\/uploads\/sites\/2\/2013\/12\/gebeleschule_kino-cadillec-26-klein-300x168.jpg 300w, https:\/\/alt.spiellandschaft.de\/kinder\/wp-content\/uploads\/sites\/2\/2013\/12\/gebeleschule_kino-cadillec-26-klein.jpg 1068w\" sizes=\"(max-width: 300px) 100vw, 300px\" \/><\/a><\/p>\n<p>Im gro\u00dfen &#8222;Cadillac&#8220; Saal befindet sich der <strong>wohl gr\u00f6\u00dfte Innenspiegel der Welt<\/strong> und es k\u00f6nnen bis zu 198 Personen im Innenraum dieses Wagens Platz nehmen. Der kleinere &#8222;Veranda&#8220; Saal bietet auf gro\u00dfz\u00fcgigen Sitzreihen 99 Pl\u00e4tze\u00a0 und man kann wunderbar die Aussicht von der Veranda genie\u00dfen.<\/p>\n","protected":false},"excerpt":{"rendered":"<p>Kino, Popcorn, Autos, Filme, &#8230;<\/p>\n","protected":false},"author":11,"featured_media":4241,"parent":4200,"menu_order":0,"comment_status":"closed","ping_status":"open","template":"content-sidebar-infoboxes.php","meta":{"_acf_changed":false,"ngg_post_thumbnail":0,"footnotes":""},"class_list":["post-4240","page","type-page","status-publish","has-post-thumbnail","hentry"],"acf":[],"_links":{"self":[{"href":"https:\/\/alt.spiellandschaft.de\/kinder\/wp-json\/wp\/v2\/pages\/4240","targetHints":{"allow":["GET"]}}],"collection":[{"href":"https:\/\/alt.spiellandschaft.de\/kinder\/wp-json\/wp\/v2\/pages"}],"about":[{"href":"https:\/\/alt.spiellandschaft.de\/kinder\/wp-json\/wp\/v2\/types\/page"}],"author":[{"embeddable":true,"href":"https:\/\/alt.spiellandschaft.de\/kinder\/wp-json\/wp\/v2\/users\/11"}],"replies":[{"embeddable":true,"href":"https:\/\/alt.spiellandschaft.de\/kinder\/wp-json\/wp\/v2\/comments?post=4240"}],"version-history":[{"count":15,"href":"https:\/\/alt.spiellandschaft.de\/kinder\/wp-json\/wp\/v2\/pages\/4240\/revisions"}],"predecessor-version":[{"id":6022,"href":"https:\/\/alt.spiellandschaft.de\/kinder\/wp-json\/wp\/v2\/pages\/4240\/revisions\/6022"}],"up":[{"embeddable":true,"href":"https:\/\/alt.spiellandschaft.de\/kinder\/wp-json\/wp\/v2\/pages\/4200"}],"wp:featuredmedia":[{"embeddable":true,"href":"https:\/\/alt.spiellandschaft.de\/kinder\/wp-json\/wp\/v2\/media\/4241"}],"wp:attachment":[{"href":"https:\/\/alt.spiellandschaft.de\/kinder\/wp-json\/wp\/v2\/media?parent=4240"}],"curies":[{"name":"wp","href":"https:\/\/api.w.org\/{rel}","templated":true}]}}