{"id":4470,"date":"2014-02-17T13:39:24","date_gmt":"2014-02-17T11:39:24","guid":{"rendered":"http:\/\/spiellandschaft.de\/kinder\/?page_id=4470"},"modified":"2014-02-17T13:39:24","modified_gmt":"2014-02-17T11:39:24","slug":"hypo-hochhaus","status":"publish","type":"page","link":"https:\/\/alt.spiellandschaft.de\/kinder\/kinderstadtplaene\/bogenhausen-2\/sehenswuerdigkeiten-bogenhausen\/besonderheiten-in-bogenhausen\/hypo-hochhaus\/","title":{"rendered":"Hypo-Hochhaus"},"content":{"rendered":"<p><!--more--><\/p>\n<p><a href=\"https:\/\/alt.spiellandschaft.de\/kinder\/wp-content\/uploads\/sites\/2\/2014\/02\/hypo_haus_02.jpg\"><img fetchpriority=\"high\" decoding=\"async\" class=\"alignleft size-medium wp-image-4478\" alt=\"Hypo-Hochhaus\" src=\"https:\/\/alt.spiellandschaft.de\/kinder\/wp-content\/uploads\/sites\/2\/2014\/02\/hypo_haus_02-168x300.jpg\" width=\"168\" height=\"300\" srcset=\"https:\/\/alt.spiellandschaft.de\/kinder\/wp-content\/uploads\/sites\/2\/2014\/02\/hypo_haus_02-168x300.jpg 168w, https:\/\/alt.spiellandschaft.de\/kinder\/wp-content\/uploads\/sites\/2\/2014\/02\/hypo_haus_02.jpg 562w\" sizes=\"(max-width: 168px) 100vw, 168px\" \/><\/a><\/p>\n<p>&nbsp;<\/p>\n<p>Das au\u00dfergew\u00f6hnliche Geb\u00e4ude ragt \u00fcber ganz Bogenhausen: Das Hypo-Hochhaus im <strong>Arabellapark<\/strong>. Es ist das Verwaltungsgeb\u00e4ude der <strong>Hypovereinsbank<\/strong> und erhielt so einen Namen. Das Hypo-Hochhaus ist das <strong>erste Hochhaus in M\u00fcnchen<\/strong>, das h\u00f6her ist als die Frauenkirche. Insgesamt hat es <strong>27 Stockwerke<\/strong>! Hast du es auch schon gesehen?<\/p>\n","protected":false},"excerpt":{"rendered":"","protected":false},"author":11,"featured_media":4478,"parent":4464,"menu_order":0,"comment_status":"closed","ping_status":"open","template":"full-width-page.php","meta":{"_acf_changed":false,"ngg_post_thumbnail":0,"footnotes":""},"class_list":["post-4470","page","type-page","status-publish","has-post-thumbnail","hentry"],"acf":[],"_links":{"self":[{"href":"https:\/\/alt.spiellandschaft.de\/kinder\/wp-json\/wp\/v2\/pages\/4470","targetHints":{"allow":["GET"]}}],"collection":[{"href":"https:\/\/alt.spiellandschaft.de\/kinder\/wp-json\/wp\/v2\/pages"}],"about":[{"href":"https:\/\/alt.spiellandschaft.de\/kinder\/wp-json\/wp\/v2\/types\/page"}],"author":[{"embeddable":true,"href":"https:\/\/alt.spiellandschaft.de\/kinder\/wp-json\/wp\/v2\/users\/11"}],"replies":[{"embeddable":true,"href":"https:\/\/alt.spiellandschaft.de\/kinder\/wp-json\/wp\/v2\/comments?post=4470"}],"version-history":[{"count":5,"href":"https:\/\/alt.spiellandschaft.de\/kinder\/wp-json\/wp\/v2\/pages\/4470\/revisions"}],"predecessor-version":[{"id":4526,"href":"https:\/\/alt.spiellandschaft.de\/kinder\/wp-json\/wp\/v2\/pages\/4470\/revisions\/4526"}],"up":[{"embeddable":true,"href":"https:\/\/alt.spiellandschaft.de\/kinder\/wp-json\/wp\/v2\/pages\/4464"}],"wp:featuredmedia":[{"embeddable":true,"href":"https:\/\/alt.spiellandschaft.de\/kinder\/wp-json\/wp\/v2\/media\/4478"}],"wp:attachment":[{"href":"https:\/\/alt.spiellandschaft.de\/kinder\/wp-json\/wp\/v2\/media?parent=4470"}],"curies":[{"name":"wp","href":"https:\/\/api.w.org\/{rel}","templated":true}]}}