{"id":6043,"date":"2014-09-16T16:27:16","date_gmt":"2014-09-16T14:27:16","guid":{"rendered":"http:\/\/spiellandschaft.de\/kinder\/?page_id=6043"},"modified":"2015-02-16T14:28:25","modified_gmt":"2015-02-16T12:28:25","slug":"strassennamen-raestel-harlaching","status":"publish","type":"page","link":"https:\/\/alt.spiellandschaft.de\/kinder\/kinderstadtplaene\/harlaching\/spiel-und-spass-durch-harlaching\/strassennamen-raestel-harlaching\/","title":{"rendered":"Stra\u00dfennamen-R\u00e4tsel Harlaching"},"content":{"rendered":"<p>Wie in jedem Stadtteil gibt es nat\u00fcrlich auch in Harlaching <strong>viele verschiedene Stra\u00dfennamen<\/strong>. Wir haben aus einigen Namen ein R\u00e4tsel gemacht!<!--more--><\/p>\n[WpProQuiz 5]\n","protected":false},"excerpt":{"rendered":"<p>Wie in jedem Stadtteil gibt es nat\u00fcrlich auch in Harlaching viele verschiedene Stra\u00dfennamen. Wir haben aus einigen Namen ein R\u00e4tsel gemacht!<\/p>\n","protected":false},"author":4,"featured_media":0,"parent":6041,"menu_order":0,"comment_status":"closed","ping_status":"open","template":"content-sidebar-infobox-inhalt.php","meta":{"_acf_changed":false,"ngg_post_thumbnail":0,"footnotes":""},"class_list":["post-6043","page","type-page","status-publish","hentry"],"acf":[],"_links":{"self":[{"href":"https:\/\/alt.spiellandschaft.de\/kinder\/wp-json\/wp\/v2\/pages\/6043","targetHints":{"allow":["GET"]}}],"collection":[{"href":"https:\/\/alt.spiellandschaft.de\/kinder\/wp-json\/wp\/v2\/pages"}],"about":[{"href":"https:\/\/alt.spiellandschaft.de\/kinder\/wp-json\/wp\/v2\/types\/page"}],"author":[{"embeddable":true,"href":"https:\/\/alt.spiellandschaft.de\/kinder\/wp-json\/wp\/v2\/users\/4"}],"replies":[{"embeddable":true,"href":"https:\/\/alt.spiellandschaft.de\/kinder\/wp-json\/wp\/v2\/comments?post=6043"}],"version-history":[{"count":5,"href":"https:\/\/alt.spiellandschaft.de\/kinder\/wp-json\/wp\/v2\/pages\/6043\/revisions"}],"predecessor-version":[{"id":7184,"href":"https:\/\/alt.spiellandschaft.de\/kinder\/wp-json\/wp\/v2\/pages\/6043\/revisions\/7184"}],"up":[{"embeddable":true,"href":"https:\/\/alt.spiellandschaft.de\/kinder\/wp-json\/wp\/v2\/pages\/6041"}],"wp:attachment":[{"href":"https:\/\/alt.spiellandschaft.de\/kinder\/wp-json\/wp\/v2\/media?parent=6043"}],"curies":[{"name":"wp","href":"https:\/\/api.w.org\/{rel}","templated":true}]}}