{"id":82,"date":"2013-03-06T16:57:06","date_gmt":"2013-03-06T15:57:06","guid":{"rendered":"http:\/\/weiterbildungspiel.de\/kinder\/?page_id=82"},"modified":"2024-11-25T16:51:26","modified_gmt":"2024-11-25T15:51:26","slug":"kinderstadtplaene","status":"publish","type":"page","link":"https:\/\/alt.spiellandschaft.de\/kinder\/kinderstadtplaene\/","title":{"rendered":"Kinderstadtpl\u00e4ne"},"content":{"rendered":"<p><a href=\"https:\/\/alt.spiellandschaft.de\/kinder\/wp-content\/uploads\/sites\/2\/2013\/07\/ksp-muenchen.jpg\"><img fetchpriority=\"high\" decoding=\"async\" class=\"size-full wp-image-2203 alignleft\" src=\"https:\/\/alt.spiellandschaft.de\/kinder\/wp-content\/uploads\/sites\/2\/2013\/07\/ksp-muenchen.jpg\" alt=\"ksp-muenchen\" width=\"280\" height=\"280\" srcset=\"https:\/\/alt.spiellandschaft.de\/kinder\/wp-content\/uploads\/sites\/2\/2013\/07\/ksp-muenchen.jpg 280w, https:\/\/alt.spiellandschaft.de\/kinder\/wp-content\/uploads\/sites\/2\/2013\/07\/ksp-muenchen-150x150.jpg 150w\" sizes=\"(max-width: 280px) 100vw, 280px\" \/><\/a>Die Kinderstadtteilpl\u00e4ne gibt es<strong> gedruckt<\/strong>. Sie&nbsp; bestehen aus einem <strong>bunten Plan<\/strong>, einem <strong>Heft<\/strong> und einem <strong>schwarz-wei\u00dfen Plan f\u00fcr eigene Eintragungen<\/strong>.<\/p>\n<p>Unten siehst Du, f\u00fcr welche M\u00fcnchner Stadtviertel es Pl\u00e4ne gibt. Die gedruckten Pl\u00e4ne von einigen Vierteln sind leider schon nicht mehr erh\u00e4ltlich &#8211; andere Viertel warten noch darauf, erkundet und erforscht zu werden. Gerade wird <a href=\"https:\/\/alt.spiellandschaft.de\/kinder\/?page_id=23346&amp;preview=true\">Obersendling<\/a> erkundet!<\/p>\n<p>Klicke auf dein Viertel, um direkt zum interaktiven Kinderstadtplan zu kommen.<\/p>\n<p>Nach und nach wollen wir alle gedruckten Pl\u00e4ne auch hier im Internet nutzbar machen.<\/p>\n<p><strong>Zu kaufen gibt es die Pl\u00e4ne f\u00fcr 3 \u20ac im <a href=\"https:\/\/alt.spiellandschaft.de\/unser-service\/kinderinfodienst\/\">KIDS<\/a> oder <a href=\"https:\/\/alt.spiellandschaft.de\/was-wir-machen\/veroeffentlichungen\/\">online<\/a>.<br \/>\n<\/strong><\/p>\n","protected":false},"excerpt":{"rendered":"<p>Die Kinderstadtteilpl\u00e4ne gibt es gedruckt. Sie&nbsp; bestehen aus einem bunten Plan, einem Heft und einem schwarz-wei\u00dfen Plan f\u00fcr eigene Eintragungen. Unten siehst Du, f\u00fcr welche M\u00fcnchner Stadtviertel es Pl\u00e4ne gibt. Die gedruckten Pl\u00e4ne von einigen Vierteln sind leider schon nicht<span class=\"ellipsis\">&hellip;<\/span><\/p>\n<div class=\"read-more\"><a href=\"https:\/\/alt.spiellandschaft.de\/kinder\/kinderstadtplaene\/\"><\/a><\/div>\n<p><!-- end of .read-more --><\/p>\n","protected":false},"author":1,"featured_media":0,"parent":0,"menu_order":30,"comment_status":"closed","ping_status":"closed","template":"full-width-ueberseite_inhalt.php","meta":{"_acf_changed":false,"ngg_post_thumbnail":0,"footnotes":""},"class_list":["post-82","page","type-page","status-publish","hentry"],"acf":[],"_links":{"self":[{"href":"https:\/\/alt.spiellandschaft.de\/kinder\/wp-json\/wp\/v2\/pages\/82","targetHints":{"allow":["GET"]}}],"collection":[{"href":"https:\/\/alt.spiellandschaft.de\/kinder\/wp-json\/wp\/v2\/pages"}],"about":[{"href":"https:\/\/alt.spiellandschaft.de\/kinder\/wp-json\/wp\/v2\/types\/page"}],"author":[{"embeddable":true,"href":"https:\/\/alt.spiellandschaft.de\/kinder\/wp-json\/wp\/v2\/users\/1"}],"replies":[{"embeddable":true,"href":"https:\/\/alt.spiellandschaft.de\/kinder\/wp-json\/wp\/v2\/comments?post=82"}],"version-history":[{"count":17,"href":"https:\/\/alt.spiellandschaft.de\/kinder\/wp-json\/wp\/v2\/pages\/82\/revisions"}],"predecessor-version":[{"id":23350,"href":"https:\/\/alt.spiellandschaft.de\/kinder\/wp-json\/wp\/v2\/pages\/82\/revisions\/23350"}],"wp:attachment":[{"href":"https:\/\/alt.spiellandschaft.de\/kinder\/wp-json\/wp\/v2\/media?parent=82"}],"curies":[{"name":"wp","href":"https:\/\/api.w.org\/{rel}","templated":true}]}}